{"id":19,"date":"2025-01-21T07:46:06","date_gmt":"2025-01-21T07:46:06","guid":{"rendered":"http:\/\/chengl33.sg-host.com\/?page_id=19"},"modified":"2025-05-08T12:10:09","modified_gmt":"2025-05-08T12:10:09","slug":"project","status":"publish","type":"page","link":"https:\/\/imristeel.com\/fr\/project\/","title":{"rendered":"Project"},"content":{"rendered":"\t\t<div data-elementor-type=\"wp-page\" data-elementor-id=\"19\" class=\"elementor elementor-19\" data-elementor-post-type=\"page\">\n\t\t\t\t<div class=\"elementor-element elementor-element-49de8ed e-con-full e-flex e-con e-parent\" data-id=\"49de8ed\" data-element_type=\"container\" data-settings=\"{&quot;background_background&quot;:&quot;classic&quot;}\">\n\t\t<div class=\"elementor-element elementor-element-5620ed3 e-flex e-con-boxed e-con e-child\" data-id=\"5620ed3\" data-element_type=\"container\">\n\t\t\t\t\t<div class=\"e-con-inner\">\n\t\t<div class=\"elementor-element elementor-element-a40e956 e-con-full blur10 elementor-hidden-desktop elementor-hidden-tablet elementor-hidden-mobile e-flex e-con e-child\" data-id=\"a40e956\" data-element_type=\"container\">\n\t\t\t\t<div class=\"elementor-element elementor-element-79c7fb4 elementor-widget elementor-widget-heading\" data-id=\"79c7fb4\" data-element_type=\"widget\" data-widget_type=\"heading.default\">\n\t\t\t\t<div class=\"elementor-widget-container\">\n\t\t\t\t\t<h2 class=\"elementor-heading-title elementor-size-default\">Welcome to IMRI<\/h2>\t\t\t\t<\/div>\n\t\t\t\t<\/div>\n\t\t\t\t<div class=\"elementor-element elementor-element-28232bb elementor-widget elementor-widget-heading\" data-id=\"28232bb\" data-element_type=\"widget\" data-widget_type=\"heading.default\">\n\t\t\t\t<div class=\"elementor-widget-container\">\n\t\t\t\t\t<p class=\"elementor-heading-title elementor-size-default\"> Be diligent and do better than you expect.<\/p>\t\t\t\t<\/div>\n\t\t\t\t<\/div>\n\t\t\t\t<\/div>\n\t\t\t\t\t<\/div>\n\t\t\t\t<\/div>\n\t\t\t\t<\/div>\n\t\t<div class=\"elementor-element elementor-element-a36b26c e-con-full e-flex e-con e-parent\" data-id=\"a36b26c\" data-element_type=\"container\" data-settings=\"{&quot;background_background&quot;:&quot;classic&quot;}\">\n\t\t<div class=\"elementor-element elementor-element-6155c48 e-flex e-con-boxed e-con e-child\" data-id=\"6155c48\" data-element_type=\"container\">\n\t\t\t\t\t<div class=\"e-con-inner\">\n\t\t<div class=\"elementor-element elementor-element-270232e e-con-full e-flex e-con e-child\" data-id=\"270232e\" data-element_type=\"container\" data-settings=\"{&quot;background_background&quot;:&quot;classic&quot;}\">\n\t\t\t\t<div class=\"elementor-element elementor-element-0c96b60 elementor-widget elementor-widget-image\" data-id=\"0c96b60\" data-element_type=\"widget\" data-widget_type=\"image.default\">\n\t\t\t\t<div class=\"elementor-widget-container\">\n\t\t\t\t\t\t\t\t\t\t\t\t\t\t\t<img decoding=\"async\" class=\"lazyload\" src=\"data:image\/gif;base64,R0lGODlhAQABAIAAAAAAAP\/\/\/yH5BAEAAAAALAAAAAABAAEAAAIBRAA7\" data-src=\"https:\/\/imristeel.com\/fr\/wp-content\/uploads\/elementor\/thumbs\/crumbs_icon-r52l8uyt9s8kad6g5ikwxlag19v0aahcrnqnkycaj0.png\" title=\"crumbs_icon\" alt=\"crumbs_icon\" loading=\"lazy\" \/><noscript><img decoding=\"async\" class=\"lazyload\" src=\"https:\/\/imristeel.com\/fr\/wp-content\/uploads\/elementor\/thumbs\/crumbs_icon-r52l8uyt9s8kad6g5ikwxlag19v0aahcrnqnkycaj0.png\" title=\"crumbs_icon\" alt=\"crumbs_icon\" loading=\"lazy\" \/><\/noscript>\t\t\t\t\t\t\t\t\t\t\t\t\t\t\t<\/div>\n\t\t\t\t<\/div>\n\t\t\t\t<\/div>\n\t\t\t\t<div class=\"elementor-element elementor-element-7d12dd1 elementor-widget elementor-widget-heading\" data-id=\"7d12dd1\" data-element_type=\"widget\" data-widget_type=\"heading.default\">\n\t\t\t\t<div class=\"elementor-widget-container\">\n\t\t\t\t\t<p class=\"elementor-heading-title elementor-size-default\"><a href=\"\/fr\">Accueil<\/a><\/p>\t\t\t\t<\/div>\n\t\t\t\t<\/div>\n\t\t\t\t<div class=\"elementor-element elementor-element-75935e8 elementor-widget elementor-widget-heading\" data-id=\"75935e8\" data-element_type=\"widget\" data-widget_type=\"heading.default\">\n\t\t\t\t<div class=\"elementor-widget-container\">\n\t\t\t\t\t<p class=\"elementor-heading-title elementor-size-default\">><\/p>\t\t\t\t<\/div>\n\t\t\t\t<\/div>\n\t\t\t\t<div class=\"elementor-element elementor-element-48177a5 elementor-widget elementor-widget-heading\" data-id=\"48177a5\" data-element_type=\"widget\" data-widget_type=\"heading.default\">\n\t\t\t\t<div class=\"elementor-widget-container\">\n\t\t\t\t\t<p class=\"elementor-heading-title elementor-size-default\">Le projet\n<\/p>\t\t\t\t<\/div>\n\t\t\t\t<\/div>\n\t\t\t\t\t<\/div>\n\t\t\t\t<\/div>\n\t\t\t\t<\/div>\n\t\t<div class=\"elementor-element elementor-element-1b36f50 e-con-full e-flex e-con e-parent\" data-id=\"1b36f50\" data-element_type=\"container\">\n\t\t<div class=\"elementor-element elementor-element-e21c4e4 e-flex e-con-boxed e-con e-child\" data-id=\"e21c4e4\" data-element_type=\"container\">\n\t\t\t\t\t<div class=\"e-con-inner\">\n\t\t\t\t<div class=\"elementor-element elementor-element-ddeaa42 elementor-widget elementor-widget-heading\" data-id=\"ddeaa42\" data-element_type=\"widget\" data-widget_type=\"heading.default\">\n\t\t\t\t<div class=\"elementor-widget-container\">\n\t\t\t\t\t<h2 class=\"elementor-heading-title elementor-size-default\">IMRI - Projets en vedette<\/h2>\t\t\t\t<\/div>\n\t\t\t\t<\/div>\n\t\t\t\t<div class=\"elementor-element elementor-element-aa3e9c1 elementor-widget elementor-widget-text-editor\" data-id=\"aa3e9c1\" data-element_type=\"widget\" data-widget_type=\"text-editor.default\">\n\t\t\t\t<div class=\"elementor-widget-container\">\n\t\t\t\t\t\t\t\t\t<div data-version=\"3.0.0\" data-hash=\"d11385bbbf16d71d4ffb95d24de598f5\">Notre \u00e9quipe insiste sur l&#8217;apprentissage et la synth\u00e8se, nous avons beaucoup de patience et nous croyons fermement que le professionnalisme est le seul moyen de bien servir nos clients. Au cours des 5 derni\u00e8res ann\u00e9es, nous avons \u00e9t\u00e9 directement impliqu\u00e9s dans la fourniture de tubes en acier et de rails \u00e0 TURKMENGAS, TURKMENNEBIT, SONALGAZ, SONATRACH, AZERBAIJAN RAILWAY, UKRAINE RAILWAY. Veuillez vous r\u00e9f\u00e9rer \u00e0 nos projets s\u00e9lectionn\u00e9s pour une meilleure compr\u00e9hension des capacit\u00e9s et de l&#8217;exp\u00e9rience de notre soci\u00e9t\u00e9. Si vous avez des exigences ou si vous souhaitez obtenir de plus amples informations, n&#8217;h\u00e9sitez pas \u00e0 nous contacter.<\/div>\t\t\t\t\t\t\t\t<\/div>\n\t\t\t\t<\/div>\n\t\t\t\t\t<\/div>\n\t\t\t\t<\/div>\n\t\t\t\t<\/div>\n\t\t<div class=\"elementor-element elementor-element-d69df18 e-con-full e-flex e-con e-parent\" data-id=\"d69df18\" data-element_type=\"container\">\n\t\t<div class=\"elementor-element elementor-element-894a210 e-flex e-con-boxed e-con e-child\" data-id=\"894a210\" data-element_type=\"container\">\n\t\t\t\t\t<div class=\"e-con-inner\">\n\t\t<div class=\"elementor-element elementor-element-737d5b5 e-con-full e-flex e-con e-child\" data-id=\"737d5b5\" data-element_type=\"container\">\n\t\t\t\t<div class=\"elementor-element elementor-element-b3de367 elementor-widget elementor-widget-heading\" data-id=\"b3de367\" data-element_type=\"widget\" data-widget_type=\"heading.default\">\n\t\t\t\t<div class=\"elementor-widget-container\">\n\t\t\t\t\t<h2 class=\"elementor-heading-title elementor-size-default\">Projet IMRI<\/h2>\t\t\t\t<\/div>\n\t\t\t\t<\/div>\n\t\t\t\t<div class=\"elementor-element elementor-element-2c5e3a8 elementor-widget elementor-widget-html\" data-id=\"2c5e3a8\" data-element_type=\"widget\" data-widget_type=\"html.default\">\n\t\t\t\t<div class=\"elementor-widget-container\">\n\t\t\t\t\t<div class = \"search_box search_box_pro\">\n    <input type = \"text\" placeholder=\"Rechercher\"  \/>\n    <img class=\"lazyload\" src = \"\/wp-content\/uploads\/2025\/01\/sou_g.png\" \/> \n<\/div>\t\t\t\t<\/div>\n\t\t\t\t<\/div>\n\t\t\t\t<\/div>\n\t\t\t\t\t<\/div>\n\t\t\t\t<\/div>\n\t\t\t\t<\/div>\n\t\t<div class=\"elementor-element elementor-element-b501fb7 e-con-full e-flex e-con e-parent\" data-id=\"b501fb7\" data-element_type=\"container\">\n\t\t<div class=\"elementor-element elementor-element-44da50b e-flex e-con-boxed e-con e-child\" data-id=\"44da50b\" data-element_type=\"container\">\n\t\t\t\t\t<div class=\"e-con-inner\">\n\t\t\t\t<div class=\"elementor-element elementor-element-63adf3b elementor-widget elementor-widget-shortcode\" data-id=\"63adf3b\" data-element_type=\"widget\" data-widget_type=\"shortcode.default\">\n\t\t\t\t<div class=\"elementor-widget-container\">\n\t\t\t\t\t<div class = \"project_tab\"><div class = \"tab_item active\" data-id = \"20\">Tuyaux sans soudure<\/div><div class = \"tab_item\" data-id = \"21\">Tubes et tuyaux de cuvelage<\/div><div class = \"tab_item\" data-id = \"22\">Rev\u00eatement des pipelines<\/div><div class = \"tab_item\" data-id = \"23\">Rail et raccords<\/div><div class = \"tab_item\" data-id = \"24\">autres<\/div><\/div>\t\t<div class=\"elementor-shortcode\"><\/div>\n\t\t\t\t\t\t<\/div>\n\t\t\t\t<\/div>\n\t\t<div class=\"elementor-element elementor-element-0e27dc6 e-con-full project_box e-flex e-con e-child\" data-id=\"0e27dc6\" data-element_type=\"container\">\n\t\t\t\t<\/div>\n\t\t<div class=\"elementor-element elementor-element-92aaba5 e-con-full pagebox e-flex e-con e-child\" data-id=\"92aaba5\" data-element_type=\"container\">\n\t\t<div class=\"elementor-element elementor-element-c21736c e-con-full page-Pagination e-flex e-con e-child\" data-id=\"c21736c\" data-element_type=\"container\" id=\"newsPage\">\n\t\t\t\t<\/div>\n\t\t\t\t<\/div>\n\t\t\t\t<div class=\"elementor-element elementor-element-99c6c98 elementor-widget elementor-widget-html\" data-id=\"99c6c98\" data-element_type=\"widget\" data-widget_type=\"html.default\">\n\t\t\t\t<div class=\"elementor-widget-container\">\n\t\t\t\t\t\n<script src =\"\/fr\/wp-content\/themes\/hello-elementor\/libs\/jquery.sPage.min.js?ver=6.7.1\"><\/script>\n<script src =\"\/fr\/wp-content\/themes\/hello-elementor\/libs\/project.js?ver=6.7.1\"><\/script>\t\t\t\t<\/div>\n\t\t\t\t<\/div>\n\t\t\t\t\t<\/div>\n\t\t\t\t<\/div>\n\t\t\t\t<\/div>\n\t\t\t\t<\/div>\n\t\t","protected":false},"excerpt":{"rendered":"<p>Welcome to IMRI Be diligent and do better than you expect. Accueil > Le projet IMRI &#8211; Projets en vedette Notre \u00e9quipe insiste sur l&#8217;apprentissage et la synth\u00e8se, nous avons beaucoup de patience et nous croyons fermement que le professionnalisme est le seul moyen de bien servir nos clients. Au cours des 5 derni\u00e8res ann\u00e9es, [&hellip;]<\/p>\n","protected":false},"author":1,"featured_media":0,"parent":0,"menu_order":0,"comment_status":"closed","ping_status":"closed","template":"","meta":{"_acf_changed":false,"footnotes":""},"class_list":["post-19","page","type-page","status-publish","hentry"],"acf":[],"yoast_head":"<!-- This site is optimized with the Yoast SEO plugin v24.9 - https:\/\/yoast.com\/wordpress\/plugins\/seo\/ -->\n<title>Project - IMRI<\/title>\n<meta name=\"robots\" content=\"index, follow, max-snippet:-1, max-image-preview:large, max-video-preview:-1\" \/>\n<link rel=\"canonical\" href=\"https:\/\/imristeel.com\/fr\/project\/\" \/>\n<meta property=\"og:locale\" content=\"en_US\" \/>\n<meta property=\"og:type\" content=\"article\" \/>\n<meta property=\"og:title\" content=\"Project - IMRI\" \/>\n<meta property=\"og:description\" content=\"Welcome to IMRI Be diligent and do better than you expect. Accueil &gt; Le projet IMRI &#8211; Projets en vedette Notre \u00e9quipe insiste sur l&#8217;apprentissage et la synth\u00e8se, nous avons beaucoup de patience et nous croyons fermement que le professionnalisme est le seul moyen de bien servir nos clients. Au cours des 5 derni\u00e8res ann\u00e9es, [&hellip;]\" \/>\n<meta property=\"og:url\" content=\"https:\/\/imristeel.com\/fr\/project\/\" \/>\n<meta property=\"og:site_name\" content=\"IMRI\" \/>\n<meta property=\"article:modified_time\" content=\"2025-05-08T12:10:09+00:00\" \/>\n<meta property=\"og:image\" content=\"https:\/\/imristeel.com\/fr\/wp-content\/uploads\/elementor\/thumbs\/crumbs_icon-r52l8uyt9s8kad6g5ikwxlag19v0aahcrnqnkycaj0.png\" \/>\n<meta name=\"twitter:card\" content=\"summary_large_image\" \/>\n<meta name=\"twitter:label1\" content=\"Est. reading time\" \/>\n\t<meta name=\"twitter:data1\" content=\"1 minute\" \/>\n<script type=\"application\/ld+json\" class=\"yoast-schema-graph\">{\"@context\":\"https:\/\/schema.org\",\"@graph\":[{\"@type\":\"WebPage\",\"@id\":\"https:\/\/imristeel.com\/fr\/project\/\",\"url\":\"https:\/\/imristeel.com\/fr\/project\/\",\"name\":\"Project - IMRI\",\"isPartOf\":{\"@id\":\"https:\/\/imristeel.com\/fr\/#website\"},\"primaryImageOfPage\":{\"@id\":\"https:\/\/imristeel.com\/fr\/project\/#primaryimage\"},\"image\":{\"@id\":\"https:\/\/imristeel.com\/fr\/project\/#primaryimage\"},\"thumbnailUrl\":\"https:\/\/imristeel.com\/fr\/wp-content\/uploads\/elementor\/thumbs\/crumbs_icon-r52l8uyt9s8kad6g5ikwxlag19v0aahcrnqnkycaj0.png\",\"datePublished\":\"2025-01-21T07:46:06+00:00\",\"dateModified\":\"2025-05-08T12:10:09+00:00\",\"breadcrumb\":{\"@id\":\"https:\/\/imristeel.com\/fr\/project\/#breadcrumb\"},\"inLanguage\":\"en-US\",\"potentialAction\":[{\"@type\":\"ReadAction\",\"target\":[\"https:\/\/imristeel.com\/fr\/project\/\"]}]},{\"@type\":\"ImageObject\",\"inLanguage\":\"en-US\",\"@id\":\"https:\/\/imristeel.com\/fr\/project\/#primaryimage\",\"url\":\"https:\/\/imristeel.com\/fr\/wp-content\/uploads\/elementor\/thumbs\/crumbs_icon-r52l8uyt9s8kad6g5ikwxlag19v0aahcrnqnkycaj0.png\",\"contentUrl\":\"https:\/\/imristeel.com\/fr\/wp-content\/uploads\/elementor\/thumbs\/crumbs_icon-r52l8uyt9s8kad6g5ikwxlag19v0aahcrnqnkycaj0.png\"},{\"@type\":\"BreadcrumbList\",\"@id\":\"https:\/\/imristeel.com\/fr\/project\/#breadcrumb\",\"itemListElement\":[{\"@type\":\"ListItem\",\"position\":1,\"name\":\"Home\",\"item\":\"https:\/\/imristeel.com\/fr\/\"},{\"@type\":\"ListItem\",\"position\":2,\"name\":\"Project\"}]},{\"@type\":\"WebSite\",\"@id\":\"https:\/\/imristeel.com\/fr\/#website\",\"url\":\"https:\/\/imristeel.com\/fr\/\",\"name\":\"IMRI\",\"description\":\"Your professional steel products\u00a0and coating\u00a0pipe manufacturer and supplier.\",\"potentialAction\":[{\"@type\":\"SearchAction\",\"target\":{\"@type\":\"EntryPoint\",\"urlTemplate\":\"https:\/\/imristeel.com\/fr\/?s={search_term_string}\"},\"query-input\":{\"@type\":\"PropertyValueSpecification\",\"valueRequired\":true,\"valueName\":\"search_term_string\"}}],\"inLanguage\":\"en-US\"}]}<\/script>\n<!-- \/ Yoast SEO plugin. -->","yoast_head_json":{"title":"Project - IMRI","robots":{"index":"index","follow":"follow","max-snippet":"max-snippet:-1","max-image-preview":"max-image-preview:large","max-video-preview":"max-video-preview:-1"},"canonical":"https:\/\/imristeel.com\/fr\/project\/","og_locale":"en_US","og_type":"article","og_title":"Project - IMRI","og_description":"Welcome to IMRI Be diligent and do better than you expect. Accueil > Le projet IMRI &#8211; Projets en vedette Notre \u00e9quipe insiste sur l&#8217;apprentissage et la synth\u00e8se, nous avons beaucoup de patience et nous croyons fermement que le professionnalisme est le seul moyen de bien servir nos clients. Au cours des 5 derni\u00e8res ann\u00e9es, [&hellip;]","og_url":"https:\/\/imristeel.com\/fr\/project\/","og_site_name":"IMRI","article_modified_time":"2025-05-08T12:10:09+00:00","og_image":[{"url":"https:\/\/imristeel.com\/fr\/wp-content\/uploads\/elementor\/thumbs\/crumbs_icon-r52l8uyt9s8kad6g5ikwxlag19v0aahcrnqnkycaj0.png","type":"","width":"","height":""}],"twitter_card":"summary_large_image","twitter_misc":{"Est. reading time":"1 minute"},"schema":{"@context":"https:\/\/schema.org","@graph":[{"@type":"WebPage","@id":"https:\/\/imristeel.com\/fr\/project\/","url":"https:\/\/imristeel.com\/fr\/project\/","name":"Project - IMRI","isPartOf":{"@id":"https:\/\/imristeel.com\/fr\/#website"},"primaryImageOfPage":{"@id":"https:\/\/imristeel.com\/fr\/project\/#primaryimage"},"image":{"@id":"https:\/\/imristeel.com\/fr\/project\/#primaryimage"},"thumbnailUrl":"https:\/\/imristeel.com\/fr\/wp-content\/uploads\/elementor\/thumbs\/crumbs_icon-r52l8uyt9s8kad6g5ikwxlag19v0aahcrnqnkycaj0.png","datePublished":"2025-01-21T07:46:06+00:00","dateModified":"2025-05-08T12:10:09+00:00","breadcrumb":{"@id":"https:\/\/imristeel.com\/fr\/project\/#breadcrumb"},"inLanguage":"en-US","potentialAction":[{"@type":"ReadAction","target":["https:\/\/imristeel.com\/fr\/project\/"]}]},{"@type":"ImageObject","inLanguage":"en-US","@id":"https:\/\/imristeel.com\/fr\/project\/#primaryimage","url":"https:\/\/imristeel.com\/fr\/wp-content\/uploads\/elementor\/thumbs\/crumbs_icon-r52l8uyt9s8kad6g5ikwxlag19v0aahcrnqnkycaj0.png","contentUrl":"https:\/\/imristeel.com\/fr\/wp-content\/uploads\/elementor\/thumbs\/crumbs_icon-r52l8uyt9s8kad6g5ikwxlag19v0aahcrnqnkycaj0.png"},{"@type":"BreadcrumbList","@id":"https:\/\/imristeel.com\/fr\/project\/#breadcrumb","itemListElement":[{"@type":"ListItem","position":1,"name":"Home","item":"https:\/\/imristeel.com\/fr\/"},{"@type":"ListItem","position":2,"name":"Project"}]},{"@type":"WebSite","@id":"https:\/\/imristeel.com\/fr\/#website","url":"https:\/\/imristeel.com\/fr\/","name":"IMRI","description":"Your professional steel products\u00a0and coating\u00a0pipe manufacturer and supplier.","potentialAction":[{"@type":"SearchAction","target":{"@type":"EntryPoint","urlTemplate":"https:\/\/imristeel.com\/fr\/?s={search_term_string}"},"query-input":{"@type":"PropertyValueSpecification","valueRequired":true,"valueName":"search_term_string"}}],"inLanguage":"en-US"}]}},"_links":{"self":[{"href":"https:\/\/imristeel.com\/fr\/wp-json\/wp\/v2\/pages\/19","targetHints":{"allow":["GET"]}}],"collection":[{"href":"https:\/\/imristeel.com\/fr\/wp-json\/wp\/v2\/pages"}],"about":[{"href":"https:\/\/imristeel.com\/fr\/wp-json\/wp\/v2\/types\/page"}],"author":[{"embeddable":true,"href":"https:\/\/imristeel.com\/fr\/wp-json\/wp\/v2\/users\/1"}],"replies":[{"embeddable":true,"href":"https:\/\/imristeel.com\/fr\/wp-json\/wp\/v2\/comments?post=19"}],"version-history":[{"count":46,"href":"https:\/\/imristeel.com\/fr\/wp-json\/wp\/v2\/pages\/19\/revisions"}],"predecessor-version":[{"id":2151,"href":"https:\/\/imristeel.com\/fr\/wp-json\/wp\/v2\/pages\/19\/revisions\/2151"}],"wp:attachment":[{"href":"https:\/\/imristeel.com\/fr\/wp-json\/wp\/v2\/media?parent=19"}],"curies":[{"name":"wp","href":"https:\/\/api.w.org\/{rel}","templated":true}]}}